{"id":7470,"date":"2022-07-27T10:32:44","date_gmt":"2022-07-27T08:32:44","guid":{"rendered":"http:\/\/zabrzeprzestrzeniarozwoju.pl\/?page_id=7470"},"modified":"2025-05-20T11:47:28","modified_gmt":"2025-05-20T09:47:28","slug":"kontakt","status":"publish","type":"page","link":"https:\/\/eng.zabrzeprzestrzeniarozwoju.pl\/?page_id=7470","title":{"rendered":"Contact"},"content":{"rendered":"<div class=\"wpb-content-wrapper\"><p>[vc_row][vc_column width=&#8221;1\/1&#8243;][vc_row_inner][vc_column_inner width=&#8221;1\/6&#8243;][\/vc_column_inner][vc_column_inner width=&#8221;1\/3&#8243;][vc_single_image image=&#8221;8395&#8243; img_size=&#8221;medium&#8221; alignment=&#8221;center&#8221; el_class=&#8221;theme_light&#8221;][vc_single_image image=&#8221;8395&#8243; img_size=&#8221;medium&#8221; alignment=&#8221;center&#8221; el_class=&#8221;theme_dark&#8221;][\/vc_column_inner][vc_column_inner width=&#8221;1\/2&#8243;][vc_column_text css=&#8221;&#8221;]<\/p>\n<h3><strong>Urz\u0105d Miejski w Zabrzu<br \/>\n\/ The City Office in Zabrze<br \/>\n<\/strong><\/h3>\n<h3><span style=\"font-size: 16px;\">Wydzia\u0142 Obs\u0142ugi Prawnej i Bezpiecze\u0144stwa Informacji<\/span><\/h3>\n<p>address<br \/>\n<strong>ul. Powsta\u0144c\u00f3w \u015al\u0105skich 5-7,\u00a0<\/strong><br \/>\n<strong>41-800 Zabrze<br \/>\nPoland<\/strong><\/p>\n<p>&nbsp;<\/p>\n<p>phone number:<strong>\u00a0(+48) 32 37 33 370<\/strong><\/p>\n<p>e-mail: <a href=\"mailto:sekretariat_wks@um.zabrze.pl\">sekretariat_pb@um.zabrze.pl<\/a><\/p>\n<p>&nbsp;<\/p>\n<p>Monday<br \/>\n7.30 A.M.\u201317.30 P.M.<\/p>\n<p>Tuesday-Thursday<br \/>\n7.30 A.M. \u201315.30 P.M.<\/p>\n<p>Friday<br \/>\n7.30 A.M. \u201313.30 P.M.[\/vc_column_text]<div class=\"fount_spacer clearfix\" style=\"height:60px;\"><\/div>[\/vc_column_inner][\/vc_row_inner][\/vc_column][\/vc_row]<\/p>\n<\/div>","protected":false},"excerpt":{"rendered":"<p>[vc_row][vc_column width=&#8221;1\/1&#8243;][vc_row_inner][vc_column_inner width=&#8221;1\/6&#8243;][\/vc_column_inner][vc_column_inner width=&#8221;1\/3&#8243;][vc_single_image image=&#8221;8395&#8243; img_size=&#8221;medium&#8221; alignment=&#8221;center&#8221; el_class=&#8221;theme_light&#8221;][vc_single_image image=&#8221;8395&#8243; img_size=&#8221;medium&#8221; alignment=&#8221;center&#8221; el_class=&#8221;theme_dark&#8221;][\/vc_column_inner][vc_column_inner width=&#8221;1\/2&#8243;][vc_column_text css=&#8221;&#8221;] Urz\u0105d Miejski w Zabrzu \/ The City Office in Zabrze Wydzia\u0142 Obs\u0142ugi Prawnej i Bezpiecze\u0144stwa Informacji address ul. Powsta\u0144c\u00f3w \u015al\u0105skich 5-7,\u00a0 41-800 Zabrze Poland &nbsp; phone number:\u00a0(+48) 32 37 33 370 e-mail: sekretariat_pb@um.zabrze.pl &nbsp; Monday 7.30 A.M.\u201317.30 P.M. Tuesday-Thursday 7.30 A.M. [&hellip;]<\/p>\n","protected":false},"author":1,"featured_media":0,"parent":0,"menu_order":0,"comment_status":"closed","ping_status":"closed","template":"","meta":{"footnotes":""},"class_list":["post-7470","page","type-page","status-publish","hentry"],"_links":{"self":[{"href":"https:\/\/eng.zabrzeprzestrzeniarozwoju.pl\/index.php?rest_route=\/wp\/v2\/pages\/7470","targetHints":{"allow":["GET"]}}],"collection":[{"href":"https:\/\/eng.zabrzeprzestrzeniarozwoju.pl\/index.php?rest_route=\/wp\/v2\/pages"}],"about":[{"href":"https:\/\/eng.zabrzeprzestrzeniarozwoju.pl\/index.php?rest_route=\/wp\/v2\/types\/page"}],"author":[{"embeddable":true,"href":"https:\/\/eng.zabrzeprzestrzeniarozwoju.pl\/index.php?rest_route=\/wp\/v2\/users\/1"}],"replies":[{"embeddable":true,"href":"https:\/\/eng.zabrzeprzestrzeniarozwoju.pl\/index.php?rest_route=%2Fwp%2Fv2%2Fcomments&post=7470"}],"version-history":[{"count":31,"href":"https:\/\/eng.zabrzeprzestrzeniarozwoju.pl\/index.php?rest_route=\/wp\/v2\/pages\/7470\/revisions"}],"predecessor-version":[{"id":9042,"href":"https:\/\/eng.zabrzeprzestrzeniarozwoju.pl\/index.php?rest_route=\/wp\/v2\/pages\/7470\/revisions\/9042"}],"wp:attachment":[{"href":"https:\/\/eng.zabrzeprzestrzeniarozwoju.pl\/index.php?rest_route=%2Fwp%2Fv2%2Fmedia&parent=7470"}],"curies":[{"name":"wp","href":"https:\/\/api.w.org\/{rel}","templated":true}]}}